{"id":1040820,"date":"2021-07-09T17:06:48","date_gmt":"2021-07-09T17:06:48","guid":{"rendered":"https:\/\/orbisistemas.com.br\/site\/?page_id=1040820"},"modified":"2022-09-13T13:10:57","modified_gmt":"2022-09-13T13:10:57","slug":"etica-e-compliance","status":"publish","type":"page","link":"https:\/\/orbisistemas.com.br\/site\/etica-e-compliance\/","title":{"rendered":"\u00c9tica e Compliance"},"content":{"rendered":"<p>{&#8220;main-title&#8221;:{&#8220;component&#8221;:&#8221;hc_title&#8221;,&#8221;id&#8221;:&#8221;main-title&#8221;,&#8221;title&#8221;:&#8221;&#8221;,&#8221;subtitle&#8221;:&#8221;&#8221;,&#8221;title_content&#8221;:{&#8220;component&#8221;:&#8221;hc_title_image&#8221;,&#8221;id&#8221;:&#8221;title-image&#8221;,&#8221;image&#8221;:&#8221;https:\/\/orbisistemas.com.br\/site\/wp-content\/uploads\/2019\/06\/imagem-entrada-06-1024&#215;576.jpg|731|1300|1040723&#8243;,&#8221;full_screen&#8221;:false,&#8221;full_screen_height&#8221;:&#8221;&#8221;,&#8221;parallax&#8221;:true,&#8221;bleed&#8221;:&#8221;&#8221;,&#8221;ken_burn&#8221;:&#8221;ken-burn-center&#8221;,&#8221;breadcrumbs&#8221;:true,&#8221;light&#8221;:true,&#8221;alignment&#8221;:&#8221;&#8221;}},&#8221;section_5ZtkF&#8221;:{&#8220;component&#8221;:&#8221;hc_section&#8221;,&#8221;id&#8221;:&#8221;section_5ZtkF&#8221;,&#8221;section_width&#8221;:&#8221;&#8221;,&#8221;animation&#8221;:&#8221;&#8221;,&#8221;animation_time&#8221;:&#8221;&#8221;,&#8221;timeline_animation&#8221;:&#8221;&#8221;,&#8221;timeline_delay&#8221;:&#8221;&#8221;,&#8221;timeline_order&#8221;:&#8221;&#8221;,&#8221;vertical_row&#8221;:&#8221;&#8221;,&#8221;css_classes&#8221;:&#8221;&#8221;,&#8221;custom_css_classes&#8221;:&#8221;&#8221;,&#8221;custom_css_styles&#8221;:&#8221;&#8221;,&#8221;section_content&#8221;:[{&#8220;component&#8221;:&#8221;hc_column&#8221;,&#8221;id&#8221;:&#8221;column_f83J6&#8243;,&#8221;column_width&#8221;:&#8221;col-md-12&#8243;,&#8221;animation&#8221;:&#8221;&#8221;,&#8221;animation_time&#8221;:&#8221;&#8221;,&#8221;timeline_animation&#8221;:&#8221;&#8221;,&#8221;timeline_delay&#8221;:&#8221;&#8221;,&#8221;timeline_order&#8221;:&#8221;&#8221;,&#8221;css_classes&#8221;:&#8221;align-center justify-content-center &#8220;,&#8221;custom_css_classes&#8221;:&#8221;&#8221;,&#8221;custom_css_styles&#8221;:&#8221;&#8221;,&#8221;main_content&#8221;:[{&#8220;component&#8221;:&#8221;hc_subtitle&#8221;,&#8221;id&#8221;:&#8221;1Fael&#8221;,&#8221;css_classes&#8221;:&#8221;text-uppercase &#8220;,&#8221;custom_css_classes&#8221;:&#8221;&#8221;,&#8221;custom_css_styles&#8221;:&#8221;font-size: 1.5em;&#8221;,&#8221;title&#8221;:&#8221;C\u00f3digo de \u00c9tica e Conduta da ORBIS&#8221;,&#8221;subtitle&#8221;:&#8221;&#8221;,&#8221;alignment&#8221;:&#8221;&#8221;},{&#8220;component&#8221;:&#8221;hc_text_block&#8221;,&#8221;id&#8221;:&#8221;F2Wfn&#8221;,&#8221;css_classes&#8221;:&#8221;align-left &#8220;,&#8221;custom_css_classes&#8221;:&#8221;&#8221;,&#8221;custom_css_styles&#8221;:&#8221;text-align:justify;&#8221;,&#8221;content&#8221;:&#8221;A ORBIS SISTEMAS visa o seu crescimento dentro de princ\u00edpios \u00e9ticos e a satisfa\u00e7\u00e3o dos seus clientes, buscando sempre manter s\u00f3lida reputa\u00e7\u00e3o com a consci\u00eancia de sua responsabilidade social e ambiental. Suas atividades s\u00e3o pautadas pela integridade, confian\u00e7a e lealdade, bem como pelo respeito e valoriza\u00e7\u00e3o do ser humano e sua privacidade, individualidade e dignidade, sem quaisquer preconceitos e formas de discrimina\u00e7\u00e3o. \\nA elabora\u00e7\u00e3o de pol\u00edticas do presente C\u00f3digo servir\u00e1 para a formaliza\u00e7\u00e3o da postura da empresa para com seus colaboradores, incluindo s\u00f3cios, administradores, diretores, profissionais, estagi\u00e1rios e consultores. Tamb\u00e9m se aplica aos clientes e fornecedores buscando alcan\u00e7ar a excel\u00eancia, qualidade e seguran\u00e7a dos servi\u00e7os prestados.\\n\\nEste manual cont\u00e9m pol\u00edticas, diretrizes, regras, processos e procedimentos que fazem parte da Pol\u00edtica. Estabelece os princ\u00edpios, conceitos e valores que orientam a conduta da empresa, de seus profissionais, na atua\u00e7\u00e3o interna quanto externa.\\nToda e qualquer viola\u00e7\u00e3o das normas da empresa por neglig\u00eancia, imprud\u00eancia e\/ou omiss\u00e3o \u00e9 pass\u00edvel de puni\u00e7\u00e3o. \\n\\nA ORBIS entende por viola\u00e7\u00e3o: \\n\\n(i) agir em desacordo com normas legais (leis ou regulamentos de autoridades p\u00fablicas ou \u00f3rg\u00e3os autorreguladores);\\n(ii) agir em desacordo com a Pol\u00edtica, o C\u00f3digo de \u00c9tica ou quaisquer outras normas de compliance e processos internos;\\n(iii) agir de forma anti\u00e9tica ou de qualquer forma que prejudique a reputa\u00e7\u00e3o da ORBIS;\\n(iv) solicitar a outras pessoas Viola\u00e7\u00e3o; ou\\n(v) retaliar colaborador ou quem tenha reportado uma preocupa\u00e7\u00e3o com Viola\u00e7\u00e3o.&#8221;},{&#8220;component&#8221;:&#8221;hc_space&#8221;,&#8221;id&#8221;:&#8221;t0L8D&#8221;,&#8221;css_classes&#8221;:&#8221;&#8221;,&#8221;custom_css_classes&#8221;:&#8221;&#8221;,&#8221;custom_css_styles&#8221;:&#8221;&#8221;,&#8221;size&#8221;:&#8221;space-md&#8221;,&#8221;height&#8221;:&#8221;&#8221;},{&#8220;component&#8221;:&#8221;hc_title_tag&#8221;,&#8221;id&#8221;:&#8221;M4kck&#8221;,&#8221;css_classes&#8221;:&#8221;align-center text-uppercase &#8220;,&#8221;custom_css_classes&#8221;:&#8221;&#8221;,&#8221;custom_css_styles&#8221;:&#8221;&#8221;,&#8221;text&#8221;:&#8221;Acesse nosso C\u00f3digo de \u00c9tica e Conduta&#8221;,&#8221;tag&#8221;:&#8221;h2&#8243;},{&#8220;component&#8221;:&#8221;hc_space&#8221;,&#8221;id&#8221;:&#8221;4vREv&#8221;,&#8221;css_classes&#8221;:&#8221;&#8221;,&#8221;custom_css_classes&#8221;:&#8221;&#8221;,&#8221;custom_css_styles&#8221;:&#8221;&#8221;,&#8221;size&#8221;:&#8221;space-sm&#8221;,&#8221;height&#8221;:&#8221;&#8221;},{&#8220;component&#8221;:&#8221;hc_image&#8221;,&#8221;id&#8221;:&#8221;yAtp6&#8243;,&#8221;css_classes&#8221;:&#8221;align-center justify-content-center &#8220;,&#8221;custom_css_classes&#8221;:&#8221;&#8221;,&#8221;custom_css_styles&#8221;:&#8221;&#8221;,&#8221;image&#8221;:&#8221;https:\/\/orbisistemas.com.br\/site\/wp-content\/uploads\/2019\/06\/document-e1625837800766.png|64|64|1040841&#8243;,&#8221;alt&#8221;:&#8221;&#8221;,&#8221;thumb_size&#8221;:&#8221;full&#8221;},{&#8220;component&#8221;:&#8221;hc_space&#8221;,&#8221;id&#8221;:&#8221;UWAvn&#8221;,&#8221;css_classes&#8221;:&#8221;&#8221;,&#8221;custom_css_classes&#8221;:&#8221;&#8221;,&#8221;custom_css_styles&#8221;:&#8221;&#8221;,&#8221;size&#8221;:&#8221;space-xs&#8221;,&#8221;height&#8221;:&#8221;&#8221;},{&#8220;component&#8221;:&#8221;hc_title_tag&#8221;,&#8221;id&#8221;:&#8221;0Z6Xd&#8221;,&#8221;css_classes&#8221;:&#8221;align-center &#8220;,&#8221;custom_css_classes&#8221;:&#8221;&#8221;,&#8221;custom_css_styles&#8221;:&#8221;font-size:18px;font-weight:400;text-transform:none;&#8221;,&#8221;text&#8221;:&#8221;C\u00f3digo de \u00c9tica e Conduta&#8221;,&#8221;tag&#8221;:&#8221;h3&#8243;},{&#8220;component&#8221;:&#8221;hc_space&#8221;,&#8221;id&#8221;:&#8221;Q5wEi&#8221;,&#8221;css_classes&#8221;:&#8221;&#8221;,&#8221;custom_css_classes&#8221;:&#8221;&#8221;,&#8221;custom_css_styles&#8221;:&#8221;&#8221;,&#8221;size&#8221;:&#8221;space-xs&#8221;,&#8221;height&#8221;:&#8221;&#8221;},{&#8220;component&#8221;:&#8221;hc_button&#8221;,&#8221;id&#8221;:&#8221;qQFog&#8221;,&#8221;css_classes&#8221;:&#8221;&#8221;,&#8221;custom_css_classes&#8221;:&#8221;&#8221;,&#8221;custom_css_styles&#8221;:&#8221;&#8221;,&#8221;icon&#8221;:&#8221;&#8221;,&#8221;style&#8221;:&#8221;square-border&#8221;,&#8221;size&#8221;:&#8221;btn-xs&#8221;,&#8221;position&#8221;:&#8221;center&#8221;,&#8221;inner_animation&#8221;:false,&#8221;text&#8221;:&#8221;Acesse&#8221;,&#8221;link_type&#8221;:&#8221;classic&#8221;,&#8221;lightbox_animation&#8221;:&#8221;&#8221;,&#8221;caption&#8221;:&#8221;&#8221;,&#8221;inner_caption&#8221;:false,&#8221;new_window&#8221;:true,&#8221;link&#8221;:&#8221;https:\/\/orbisistemas.com.br\/site\/codigo-de-etica-e-conduta&#8221;,&#8221;link_content&#8221;:[],&#8221;lightbox_size&#8221;:&#8221;&#8221;,&#8221;scrollbox&#8221;:false}]}],&#8221;section_settings&#8221;:&#8221;&#8221;},&#8221;section_mqQhU&#8221;:{&#8220;component&#8221;:&#8221;hc_section&#8221;,&#8221;id&#8221;:&#8221;section_mqQhU&#8221;,&#8221;section_width&#8221;:&#8221;&#8221;,&#8221;animation&#8221;:&#8221;&#8221;,&#8221;animation_time&#8221;:&#8221;&#8221;,&#8221;timeline_animation&#8221;:&#8221;&#8221;,&#8221;timeline_delay&#8221;:&#8221;&#8221;,&#8221;timeline_order&#8221;:&#8221;&#8221;,&#8221;vertical_row&#8221;:&#8221;&#8221;,&#8221;css_classes&#8221;:&#8221;&#8221;,&#8221;custom_css_classes&#8221;:&#8221;&#8221;,&#8221;custom_css_styles&#8221;:&#8221;background-color:#eef1f3;&#8221;,&#8221;section_content&#8221;:[{&#8220;component&#8221;:&#8221;hc_column&#8221;,&#8221;id&#8221;:&#8221;column_9SH8c&#8221;,&#8221;column_width&#8221;:&#8221;col-md-12&#8243;,&#8221;animation&#8221;:&#8221;&#8221;,&#8221;animation_time&#8221;:&#8221;&#8221;,&#8221;timeline_animation&#8221;:&#8221;&#8221;,&#8221;timeline_delay&#8221;:&#8221;&#8221;,&#8221;timeline_order&#8221;:&#8221;&#8221;,&#8221;css_classes&#8221;:&#8221;&#8221;,&#8221;custom_css_classes&#8221;:&#8221;&#8221;,&#8221;custom_css_styles&#8221;:&#8221;padding;0;&#8221;,&#8221;main_content&#8221;:[{&#8220;component&#8221;:&#8221;hc_title_tag&#8221;,&#8221;id&#8221;:&#8221;1MiBI&#8221;,&#8221;css_classes&#8221;:&#8221;align-center &#8220;,&#8221;custom_css_classes&#8221;:&#8221;&#8221;,&#8221;custom_css_styles&#8221;:&#8221;&#8221;,&#8221;text&#8221;:&#8221;Canal de Den\u00fancias&#8221;,&#8221;tag&#8221;:&#8221;h3&#8243;},{&#8220;component&#8221;:&#8221;hc_text_block&#8221;,&#8221;id&#8221;:&#8221;0eFXh&#8221;,&#8221;css_classes&#8221;:&#8221;justify-content-center &#8220;,&#8221;custom_css_classes&#8221;:&#8221;&#8221;,&#8221;custom_css_styles&#8221;:&#8221;text-align:justify;&#8221;,&#8221;content&#8221;:&#8221;Por meio deste canal, qualquer pessoa pode reportar situa\u00e7\u00f5es de n\u00e3o conformidade das quais tenha conhecimento. As den\u00fancias podem, a crit\u00e9rio do denunciante, ser recebidas anonimamente; s\u00e3o avaliadas e investigadas, sendo asseguradas a confidencialidade das quest\u00f5es e a prote\u00e7\u00e3o dos denunciantes contra eventuais retalia\u00e7\u00f5es pelas den\u00fancias realizadas. As den\u00fancias ser\u00e3o apuradas e as medidas cab\u00edveis ser\u00e3o tomadas para evitar novas ocorr\u00eancias.&#8221;},{&#8220;component&#8221;:&#8221;hc_space&#8221;,&#8221;id&#8221;:&#8221;OPVHm&#8221;,&#8221;css_classes&#8221;:&#8221;&#8221;,&#8221;custom_css_classes&#8221;:&#8221;&#8221;,&#8221;custom_css_styles&#8221;:&#8221;&#8221;,&#8221;size&#8221;:&#8221;space-sm&#8221;,&#8221;height&#8221;:&#8221;&#8221;}]},{&#8220;component&#8221;:&#8221;hc_column&#8221;,&#8221;id&#8221;:&#8221;column_Bmlgm&#8221;,&#8221;column_width&#8221;:&#8221;col-md-12&#8243;,&#8221;animation&#8221;:&#8221;&#8221;,&#8221;animation_time&#8221;:&#8221;&#8221;,&#8221;timeline_animation&#8221;:&#8221;&#8221;,&#8221;timeline_delay&#8221;:&#8221;&#8221;,&#8221;timeline_order&#8221;:&#8221;&#8221;,&#8221;css_classes&#8221;:&#8221;&#8221;,&#8221;custom_css_classes&#8221;:&#8221;&#8221;,&#8221;custom_css_styles&#8221;:&#8221;&#8221;,&#8221;main_content&#8221;:[{&#8220;component&#8221;:&#8221;hc_image&#8221;,&#8221;id&#8221;:&#8221;WuiwI&#8221;,&#8221;css_classes&#8221;:&#8221;align-center &#8220;,&#8221;custom_css_classes&#8221;:&#8221;&#8221;,&#8221;custom_css_styles&#8221;:&#8221;&#8221;,&#8221;image&#8221;:&#8221;https:\/\/orbisistemas.com.br\/site\/wp-content\/uploads\/2019\/06\/email-2.png|128|128|1040950&#8243;,&#8221;alt&#8221;:&#8221;&#8221;,&#8221;thumb_size&#8221;:&#8221;full&#8221;},{&#8220;component&#8221;:&#8221;hc_text_block&#8221;,&#8221;id&#8221;:&#8221;sheik&#8221;,&#8221;css_classes&#8221;:&#8221;align-center justify-content-center &#8220;,&#8221;custom_css_classes&#8221;:&#8221;&#8221;,&#8221;custom_css_styles&#8221;:&#8221;&#8221;,&#8221;content&#8221;:&#8221;<b>Compliance Officer<\/b>\\ncompliance@orbisistemas.com.br\\n&#8221;},{&#8220;component&#8221;:&#8221;hc_space&#8221;,&#8221;id&#8221;:&#8221;n8kpM&#8221;,&#8221;css_classes&#8221;:&#8221;&#8221;,&#8221;custom_css_classes&#8221;:&#8221;&#8221;,&#8221;custom_css_styles&#8221;:&#8221;&#8221;,&#8221;size&#8221;:&#8221;space-xs&#8221;,&#8221;height&#8221;:&#8221;&#8221;},{&#8220;component&#8221;:&#8221;hc_button&#8221;,&#8221;id&#8221;:&#8221;VFj3P&#8221;,&#8221;css_classes&#8221;:&#8221;&#8221;,&#8221;custom_css_classes&#8221;:&#8221;&#8221;,&#8221;custom_css_styles&#8221;:&#8221;&#8221;,&#8221;icon&#8221;:&#8221;&#8221;,&#8221;style&#8221;:&#8221;square-border&#8221;,&#8221;size&#8221;:&#8221;btn-xs&#8221;,&#8221;position&#8221;:&#8221;center&#8221;,&#8221;inner_animation&#8221;:false,&#8221;text&#8221;:&#8221;Acesse&#8221;,&#8221;link_type&#8221;:&#8221;classic&#8221;,&#8221;lightbox_animation&#8221;:&#8221;&#8221;,&#8221;caption&#8221;:&#8221;&#8221;,&#8221;inner_caption&#8221;:false,&#8221;new_window&#8221;:true,&#8221;link&#8221;:&#8221;https:\/\/denuncias.umaempresaetica.com.br\/&#8221;,&#8221;link_content&#8221;:[],&#8221;lightbox_size&#8221;:&#8221;&#8221;,&#8221;scrollbox&#8221;:false}]}],&#8221;section_settings&#8221;:&#8221;&#8221;},&#8221;column_9GRQm&#8221;:{&#8220;id&#8221;:&#8221;column_9GRQm&#8221;,&#8221;main_content&#8221;:{&#8220;component&#8221;:&#8221;hc_space&#8221;,&#8221;id&#8221;:&#8221;n8kpM&#8221;,&#8221;css_classes&#8221;:&#8221;&#8221;,&#8221;custom_css_classes&#8221;:&#8221;&#8221;,&#8221;custom_css_styles&#8221;:&#8221;&#8221;,&#8221;size&#8221;:&#8221;space-xs&#8221;,&#8221;height&#8221;:&#8221;&#8221;}},&#8221;column_RrcFF&#8221;:{&#8220;id&#8221;:&#8221;column_RrcFF&#8221;,&#8221;main_content&#8221;:{&#8220;component&#8221;:&#8221;hc_button&#8221;,&#8221;id&#8221;:&#8221;VFj3P&#8221;,&#8221;css_classes&#8221;:&#8221;&#8221;,&#8221;custom_css_classes&#8221;:&#8221;&#8221;,&#8221;custom_css_styles&#8221;:&#8221;&#8221;,&#8221;icon&#8221;:&#8221;&#8221;,&#8221;style&#8221;:&#8221;square-border&#8221;,&#8221;size&#8221;:&#8221;btn-xs&#8221;,&#8221;position&#8221;:&#8221;center&#8221;,&#8221;inner_animation&#8221;:false,&#8221;text&#8221;:&#8221;Acesse&#8221;,&#8221;link_type&#8221;:&#8221;classic&#8221;,&#8221;lightbox_animation&#8221;:&#8221;&#8221;,&#8221;caption&#8221;:&#8221;&#8221;,&#8221;inner_caption&#8221;:false,&#8221;new_window&#8221;:true,&#8221;link&#8221;:&#8221;https:\/\/denuncias.umaempresaetica.com.br\/&#8221;,&#8221;link_content&#8221;:[],&#8221;lightbox_size&#8221;:&#8221;&#8221;,&#8221;scrollbox&#8221;:false}},&#8221;scripts&#8221;:{&#8220;parallax&#8221;:&#8221;parallax.min.js&#8221;},&#8221;css&#8221;:{},&#8221;css_page&#8221;:&#8221;#section_mqQhU > .container,\\n#section_5ZtkF > .container { \\n    padding-top: 50px;\\n    padding-bottom: 50px;\\n}\\n\\n#F2Wfn > strong { \\n    color: #982929;\\n}\\n\\n\/*Bot\u00e3o Acesse*\/\\n#qQFog,\\n#VFj3P {\\n    padding: 1px 25px;\\n    color: #ffffff;\\n    border-color: #982929;\\n    background-color: #982929;\\n}\\n\\n#qQFog:hover,\\n#VFj3P:hover {\\n    border-color: red;\\n    background-color: red;\\n}&#8221;,&#8221;template_setting&#8221;:{},&#8221;template_setting_top&#8221;:{},&#8221;page_setting&#8221;:{&#8220;settings&#8221;:[&#8220;lock-mode-off&#8221;]}}<\/p>\n","protected":false},"excerpt":{"rendered":"<p>{&#8220;main-title&#8221;:{&#8220;component&#8221;:&#8221;hc_title&#8221;,&#8221;id&#8221;:&#8221;main-title&#8221;,&#8221;title&#8221;:&#8221;&#8221;,&#8221;subtitle&#8221;:&#8221;&#8221;,&#8221;title_content&#8221;:{&#8220;component&#8221;:&#8221;hc_title_image&#8221;,&#8221;id&#8221;:&#8221;title-image&#8221;,&#8221;image&#8221;:&#8221;https:\/\/orbisistemas.com.br\/site\/wp-content\/uploads\/2019\/06\/imagem-entrada-06-1024&#215;576.jpg|731|1300|1040723&#8243;,&#8221;full_screen&#8221;:false,&#8221;full_screen_height&#8221;:&#8221;&#8221;,&#8221;parallax&#8221;:true,&#8221;bleed&#8221;:&#8221;&#8221;,&#8221;ken_burn&#8221;:&#8221;ken-burn-center&#8221;,&#8221;breadcrumbs&#8221;:true,&#8221;light&#8221;:true,&#8221;alignment&#8221;:&#8221;&#8221;}},&#8221;section_5ZtkF&#8221;:{&#8220;component&#8221;:&#8221;hc_section&#8221;,&#8221;id&#8221;:&#8221;section_5ZtkF&#8221;,&#8221;section_width&#8221;:&#8221;&#8221;,&#8221;animation&#8221;:&#8221;&#8221;,&#8221;animation_time&#8221;:&#8221;&#8221;,&#8221;timeline_animation&#8221;:&#8221;&#8221;,&#8221;timeline_delay&#8221;:&#8221;&#8221;,&#8221;timeline_order&#8221;:&#8221;&#8221;,&#8221;vertical_row&#8221;:&#8221;&#8221;,&#8221;css_classes&#8221;:&#8221;&#8221;,&#8221;custom_css_classes&#8221;:&#8221;&#8221;,&#8221;custom_css_styles&#8221;:&#8221;&#8221;,&#8221;section_content&#8221;:[{&#8220;component&#8221;:&#8221;hc_column&#8221;,&#8221;id&#8221;:&#8221;column_f83J6&#8243;,&#8221;column_width&#8221;:&#8221;col-md-12&#8243;,&#8221;animation&#8221;:&#8221;&#8221;,&#8221;animation_time&#8221;:&#8221;&#8221;,&#8221;timeline_animation&#8221;:&#8221;&#8221;,&#8221;timeline_delay&#8221;:&#8221;&#8221;,&#8221;timeline_order&#8221;:&#8221;&#8221;,&#8221;css_classes&#8221;:&#8221;align-center justify-content-center &#8220;,&#8221;custom_css_classes&#8221;:&#8221;&#8221;,&#8221;custom_css_styles&#8221;:&#8221;&#8221;,&#8221;main_content&#8221;:[{&#8220;component&#8221;:&#8221;hc_subtitle&#8221;,&#8221;id&#8221;:&#8221;1Fael&#8221;,&#8221;css_classes&#8221;:&#8221;text-uppercase &#8220;,&#8221;custom_css_classes&#8221;:&#8221;&#8221;,&#8221;custom_css_styles&#8221;:&#8221;font-size: 1.5em;&#8221;,&#8221;title&#8221;:&#8221;C\u00f3digo de \u00c9tica e Conduta da ORBIS&#8221;,&#8221;subtitle&#8221;:&#8221;&#8221;,&#8221;alignment&#8221;:&#8221;&#8221;},{&#8220;component&#8221;:&#8221;hc_text_block&#8221;,&#8221;id&#8221;:&#8221;F2Wfn&#8221;,&#8221;css_classes&#8221;:&#8221;align-left &#8220;,&#8221;custom_css_classes&#8221;:&#8221;&#8221;,&#8221;custom_css_styles&#8221;:&#8221;text-align:justify;&#8221;,&#8221;content&#8221;:&#8221;A ORBIS SISTEMAS visa o seu crescimento dentro de princ\u00edpios \u00e9ticos e a satisfa\u00e7\u00e3o dos seus clientes, buscando sempre manter s\u00f3lida reputa\u00e7\u00e3o com a consci\u00eancia de sua responsabilidade social e ambiental. Suas atividades s\u00e3o pautadas pela integridade, confian\u00e7a e lealdade, bem como pelo respeito [&hellip;]<\/p>\n","protected":false},"author":3,"featured_media":0,"parent":0,"menu_order":0,"comment_status":"closed","ping_status":"closed","template":"","meta":{"footnotes":""},"class_list":["post-1040820","page","type-page","status-publish","hentry"],"_links":{"self":[{"href":"https:\/\/orbisistemas.com.br\/site\/wp-json\/wp\/v2\/pages\/1040820","targetHints":{"allow":["GET"]}}],"collection":[{"href":"https:\/\/orbisistemas.com.br\/site\/wp-json\/wp\/v2\/pages"}],"about":[{"href":"https:\/\/orbisistemas.com.br\/site\/wp-json\/wp\/v2\/types\/page"}],"author":[{"embeddable":true,"href":"https:\/\/orbisistemas.com.br\/site\/wp-json\/wp\/v2\/users\/3"}],"replies":[{"embeddable":true,"href":"https:\/\/orbisistemas.com.br\/site\/wp-json\/wp\/v2\/comments?post=1040820"}],"version-history":[{"count":147,"href":"https:\/\/orbisistemas.com.br\/site\/wp-json\/wp\/v2\/pages\/1040820\/revisions"}],"predecessor-version":[{"id":1041226,"href":"https:\/\/orbisistemas.com.br\/site\/wp-json\/wp\/v2\/pages\/1040820\/revisions\/1041226"}],"wp:attachment":[{"href":"https:\/\/orbisistemas.com.br\/site\/wp-json\/wp\/v2\/media?parent=1040820"}],"curies":[{"name":"wp","href":"https:\/\/api.w.org\/{rel}","templated":true}]}}