{"id":1041187,"date":"2022-06-07T11:35:38","date_gmt":"2022-06-07T11:35:38","guid":{"rendered":"https:\/\/orbisistemas.com.br\/site\/?page_id=1041187"},"modified":"2022-06-07T11:35:38","modified_gmt":"2022-06-07T11:35:38","slug":"trabalhe-conosco","status":"publish","type":"page","link":"https:\/\/orbisistemas.com.br\/site\/trabalhe-conosco\/","title":{"rendered":"Trabalhe Conosco"},"content":{"rendered":"<p>{&#8220;main-title&#8221;:{&#8220;component&#8221;:&#8221;hc_title&#8221;,&#8221;id&#8221;:&#8221;main-title&#8221;,&#8221;title&#8221;:&#8221;&#8221;,&#8221;subtitle&#8221;:&#8221;&#8221;,&#8221;title_content&#8221;:{&#8220;component&#8221;:&#8221;hc_title_image&#8221;,&#8221;id&#8221;:&#8221;title-image&#8221;,&#8221;image&#8221;:&#8221;https:\/\/orbisistemas.com.br\/site\/wp-content\/uploads\/2019\/06\/imagem-entrada-06-1024&#215;576.jpg|731|1300|1040723&#8243;,&#8221;full_screen&#8221;:false,&#8221;full_screen_height&#8221;:&#8221;&#8221;,&#8221;parallax&#8221;:true,&#8221;bleed&#8221;:&#8221;&#8221;,&#8221;ken_burn&#8221;:&#8221;ken-burn-center&#8221;,&#8221;breadcrumbs&#8221;:true,&#8221;light&#8221;:true,&#8221;alignment&#8221;:&#8221;&#8221;}},&#8221;section_5ZtkF&#8221;:{&#8220;component&#8221;:&#8221;hc_section&#8221;,&#8221;id&#8221;:&#8221;section_5ZtkF&#8221;,&#8221;section_width&#8221;:&#8221;&#8221;,&#8221;animation&#8221;:&#8221;&#8221;,&#8221;animation_time&#8221;:&#8221;&#8221;,&#8221;timeline_animation&#8221;:&#8221;&#8221;,&#8221;timeline_delay&#8221;:&#8221;&#8221;,&#8221;timeline_order&#8221;:&#8221;&#8221;,&#8221;vertical_row&#8221;:&#8221;true&#8221;,&#8221;css_classes&#8221;:&#8221;&#8221;,&#8221;custom_css_classes&#8221;:&#8221;&#8221;,&#8221;custom_css_styles&#8221;:&#8221;&#8221;,&#8221;section_content&#8221;:[{&#8220;component&#8221;:&#8221;hc_column&#8221;,&#8221;id&#8221;:&#8221;column_N7P7L&#8221;,&#8221;column_width&#8221;:&#8221;col-md-12&#8243;,&#8221;animation&#8221;:&#8221;&#8221;,&#8221;animation_time&#8221;:&#8221;&#8221;,&#8221;timeline_animation&#8221;:&#8221;&#8221;,&#8221;timeline_delay&#8221;:&#8221;&#8221;,&#8221;timeline_order&#8221;:&#8221;&#8221;,&#8221;css_classes&#8221;:&#8221;&#8221;,&#8221;custom_css_classes&#8221;:&#8221;&#8221;,&#8221;custom_css_styles&#8221;:&#8221;&#8221;,&#8221;main_content&#8221;:[{&#8220;component&#8221;:&#8221;hc_subtitle&#8221;,&#8221;id&#8221;:&#8221;rWWlu&#8221;,&#8221;css_classes&#8221;:&#8221;&#8221;,&#8221;custom_css_classes&#8221;:&#8221;&#8221;,&#8221;custom_css_styles&#8221;:&#8221;&#8221;,&#8221;title&#8221;:&#8221;Se voc\u00ea tem interesse em fazer parte da nossa equipe de profissionais, preencha o formul\u00e1rio e envie seu curr\u00edculo:&#8221;,&#8221;subtitle&#8221;:&#8221;&#8221;,&#8221;alignment&#8221;:&#8221;&#8221;},{&#8220;component&#8221;:&#8221;hc_text_block&#8221;,&#8221;id&#8221;:&#8221;1OKIE&#8221;,&#8221;css_classes&#8221;:&#8221;&#8221;,&#8221;custom_css_classes&#8221;:&#8221;ficha-cadastro-form-subtitle&#8221;,&#8221;custom_css_styles&#8221;:&#8221;&#8221;,&#8221;content&#8221;:&#8221;Ficha de Cadastro Minimizada (Art. 6, III \u2013 LGPD)&#8221;},{&#8220;component&#8221;:&#8221;hc_code_block&#8221;,&#8221;id&#8221;:&#8221;NCUt2&#8243;,&#8221;css_classes&#8221;:&#8221;&#8221;,&#8221;custom_css_classes&#8221;:&#8221;&#8221;,&#8221;custom_css_styles&#8221;:&#8221;&#8221;,&#8221;content&#8221;:&#8221;005b0066006f0072006d0069006e00610074006f0072005f0066006f0072006d002000690064003d002200310030003400310031003300320022005d&#8221;,&#8221;language&#8221;:&#8221;&#8221;}]}],&#8221;section_settings&#8221;:&#8221;&#8221;},&#8221;scripts&#8221;:{&#8220;parallax&#8221;:&#8221;parallax.min.js&#8221;},&#8221;css&#8221;:{},&#8221;css_page&#8221;:&#8221;#section_mqQhU > .container,\\n#section_5ZtkF > .container { \\n    padding-top: 50px;\\n    padding-bottom: 50px;\\n}\\n\\n#F2Wfn > strong { \\n    color: #982929;\\n}\\n\\n\/*Bot\u00e3o Acesse*\/\\n#qQFog {\\n    padding: 1px 25px;\\n    color: #ffffff;\\n    border-color: #982929;\\n    background-color: #982929;\\n}\\n\\n#qQFog:hover {\\n    border-color: red;\\n    background-color: red;\\n}\\n\\n.ficha-cadastro-form-subtitle {\\n    font-size:16px !important;\\n    line-height:30px !important;\\n    color: #777771 !important;\\n}\\n\\n.trabalhe-conosco-title h2 {\\n    font-size:20px !important;\\n    line-height:35px !important;\\n}&#8221;,&#8221;template_setting&#8221;:{},&#8221;template_setting_top&#8221;:{},&#8221;page_setting&#8221;:{&#8220;settings&#8221;:[&#8220;lock-mode-off&#8221;]}}<\/p>\n","protected":false},"excerpt":{"rendered":"<p>{&#8220;main-title&#8221;:{&#8220;component&#8221;:&#8221;hc_title&#8221;,&#8221;id&#8221;:&#8221;main-title&#8221;,&#8221;title&#8221;:&#8221;&#8221;,&#8221;subtitle&#8221;:&#8221;&#8221;,&#8221;title_content&#8221;:{&#8220;component&#8221;:&#8221;hc_title_image&#8221;,&#8221;id&#8221;:&#8221;title-image&#8221;,&#8221;image&#8221;:&#8221;https:\/\/orbisistemas.com.br\/site\/wp-content\/uploads\/2019\/06\/imagem-entrada-06-1024&#215;576.jpg|731|1300|1040723&#8243;,&#8221;full_screen&#8221;:false,&#8221;full_screen_height&#8221;:&#8221;&#8221;,&#8221;parallax&#8221;:true,&#8221;bleed&#8221;:&#8221;&#8221;,&#8221;ken_burn&#8221;:&#8221;ken-burn-center&#8221;,&#8221;breadcrumbs&#8221;:true,&#8221;light&#8221;:true,&#8221;alignment&#8221;:&#8221;&#8221;}},&#8221;section_5ZtkF&#8221;:{&#8220;component&#8221;:&#8221;hc_section&#8221;,&#8221;id&#8221;:&#8221;section_5ZtkF&#8221;,&#8221;section_width&#8221;:&#8221;&#8221;,&#8221;animation&#8221;:&#8221;&#8221;,&#8221;animation_time&#8221;:&#8221;&#8221;,&#8221;timeline_animation&#8221;:&#8221;&#8221;,&#8221;timeline_delay&#8221;:&#8221;&#8221;,&#8221;timeline_order&#8221;:&#8221;&#8221;,&#8221;vertical_row&#8221;:&#8221;true&#8221;,&#8221;css_classes&#8221;:&#8221;&#8221;,&#8221;custom_css_classes&#8221;:&#8221;&#8221;,&#8221;custom_css_styles&#8221;:&#8221;&#8221;,&#8221;section_content&#8221;:[{&#8220;component&#8221;:&#8221;hc_column&#8221;,&#8221;id&#8221;:&#8221;column_N7P7L&#8221;,&#8221;column_width&#8221;:&#8221;col-md-12&#8243;,&#8221;animation&#8221;:&#8221;&#8221;,&#8221;animation_time&#8221;:&#8221;&#8221;,&#8221;timeline_animation&#8221;:&#8221;&#8221;,&#8221;timeline_delay&#8221;:&#8221;&#8221;,&#8221;timeline_order&#8221;:&#8221;&#8221;,&#8221;css_classes&#8221;:&#8221;&#8221;,&#8221;custom_css_classes&#8221;:&#8221;&#8221;,&#8221;custom_css_styles&#8221;:&#8221;&#8221;,&#8221;main_content&#8221;:[{&#8220;component&#8221;:&#8221;hc_subtitle&#8221;,&#8221;id&#8221;:&#8221;rWWlu&#8221;,&#8221;css_classes&#8221;:&#8221;&#8221;,&#8221;custom_css_classes&#8221;:&#8221;&#8221;,&#8221;custom_css_styles&#8221;:&#8221;&#8221;,&#8221;title&#8221;:&#8221;Se voc\u00ea tem interesse em fazer parte da nossa equipe de profissionais, preencha o formul\u00e1rio e envie seu curr\u00edculo:&#8221;,&#8221;subtitle&#8221;:&#8221;&#8221;,&#8221;alignment&#8221;:&#8221;&#8221;},{&#8220;component&#8221;:&#8221;hc_text_block&#8221;,&#8221;id&#8221;:&#8221;1OKIE&#8221;,&#8221;css_classes&#8221;:&#8221;&#8221;,&#8221;custom_css_classes&#8221;:&#8221;ficha-cadastro-form-subtitle&#8221;,&#8221;custom_css_styles&#8221;:&#8221;&#8221;,&#8221;content&#8221;:&#8221;Ficha de Cadastro Minimizada (Art. 6, III \u2013 LGPD)&#8221;},{&#8220;component&#8221;:&#8221;hc_code_block&#8221;,&#8221;id&#8221;:&#8221;NCUt2&#8243;,&#8221;css_classes&#8221;:&#8221;&#8221;,&#8221;custom_css_classes&#8221;:&#8221;&#8221;,&#8221;custom_css_styles&#8221;:&#8221;&#8221;,&#8221;content&#8221;:&#8221;005b0066006f0072006d0069006e00610074006f0072005f0066006f0072006d002000690064003d002200310030003400310031003300320022005d&#8221;,&#8221;language&#8221;:&#8221;&#8221;}]}],&#8221;section_settings&#8221;:&#8221;&#8221;},&#8221;scripts&#8221;:{&#8220;parallax&#8221;:&#8221;parallax.min.js&#8221;},&#8221;css&#8221;:{},&#8221;css_page&#8221;:&#8221;#section_mqQhU > .container,\\n#section_5ZtkF > .container { \\n padding-top: 50px;\\n padding-bottom: 50px;\\n}\\n\\n#F2Wfn > strong { \\n color: #982929;\\n}\\n\\n\/*Bot\u00e3o Acesse*\/\\n#qQFog {\\n padding: 1px 25px;\\n color: #ffffff;\\n border-color: #982929;\\n background-color: #982929;\\n}\\n\\n#qQFog:hover {\\n [&hellip;]<\/p>\n","protected":false},"author":3,"featured_media":0,"parent":0,"menu_order":0,"comment_status":"closed","ping_status":"closed","template":"","meta":{"footnotes":""},"class_list":["post-1041187","page","type-page","status-publish","hentry"],"_links":{"self":[{"href":"https:\/\/orbisistemas.com.br\/site\/wp-json\/wp\/v2\/pages\/1041187","targetHints":{"allow":["GET"]}}],"collection":[{"href":"https:\/\/orbisistemas.com.br\/site\/wp-json\/wp\/v2\/pages"}],"about":[{"href":"https:\/\/orbisistemas.com.br\/site\/wp-json\/wp\/v2\/types\/page"}],"author":[{"embeddable":true,"href":"https:\/\/orbisistemas.com.br\/site\/wp-json\/wp\/v2\/users\/3"}],"replies":[{"embeddable":true,"href":"https:\/\/orbisistemas.com.br\/site\/wp-json\/wp\/v2\/comments?post=1041187"}],"version-history":[{"count":11,"href":"https:\/\/orbisistemas.com.br\/site\/wp-json\/wp\/v2\/pages\/1041187\/revisions"}],"predecessor-version":[{"id":1041201,"href":"https:\/\/orbisistemas.com.br\/site\/wp-json\/wp\/v2\/pages\/1041187\/revisions\/1041201"}],"wp:attachment":[{"href":"https:\/\/orbisistemas.com.br\/site\/wp-json\/wp\/v2\/media?parent=1041187"}],"curies":[{"name":"wp","href":"https:\/\/api.w.org\/{rel}","templated":true}]}}